{"id":465,"date":"2023-05-30T17:57:46","date_gmt":"2023-05-30T22:57:46","guid":{"rendered":"https:\/\/booma.wikijeff.dev\/?page_id=465"},"modified":"2023-09-18T07:25:10","modified_gmt":"2023-09-18T12:25:10","slug":"a-propos","status":"publish","type":"page","link":"https:\/\/booma.wikijeff.dev\/fr\/a-propos\/","title":{"rendered":"\u00c0 propos"},"content":{"rendered":"\n<div class=\"wp-block-cover alignfull is-light page-title\"><span aria-hidden=\"true\" class=\"wp-block-cover__background has-background-dim-0 has-background-dim\"><\/span><img loading=\"lazy\" decoding=\"async\" width=\"2561\" height=\"561\" class=\"wp-block-cover__image-background wp-image-145\" alt=\"\" src=\"http:\/\/booma.wikijeff.dev\/wp-content\/uploads\/2023\/06\/bg-title-about.jpg\" data-object-fit=\"cover\" srcset=\"https:\/\/booma.wikijeff.dev\/wp-content\/uploads\/2023\/06\/bg-title-about.jpg 2561w, https:\/\/booma.wikijeff.dev\/wp-content\/uploads\/2023\/06\/bg-title-about-300x66.jpg 300w, https:\/\/booma.wikijeff.dev\/wp-content\/uploads\/2023\/06\/bg-title-about-1024x224.jpg 1024w, https:\/\/booma.wikijeff.dev\/wp-content\/uploads\/2023\/06\/bg-title-about-768x168.jpg 768w, https:\/\/booma.wikijeff.dev\/wp-content\/uploads\/2023\/06\/bg-title-about-1536x336.jpg 1536w, https:\/\/booma.wikijeff.dev\/wp-content\/uploads\/2023\/06\/bg-title-about-2048x449.jpg 2048w, https:\/\/booma.wikijeff.dev\/wp-content\/uploads\/2023\/06\/bg-title-about-1320x289.jpg 1320w, https:\/\/booma.wikijeff.dev\/wp-content\/uploads\/2023\/06\/bg-title-about-800x175.jpg 800w\" sizes=\"auto, (max-width: 2561px) 100vw, 2561px\" \/><div class=\"wp-block-cover__inner-container is-layout-flow wp-block-cover-is-layout-flow\">\n<div class=\"wp-block-group container is-layout-constrained wp-block-group-is-layout-constrained\">\n<h2 class=\"wp-block-heading has-text-align-left\">\u00c0 propos de nous<\/h2>\n<\/div>\n<\/div><\/div>\n\n\n\n<div class=\"wp-block-media-text alignfull has-media-on-the-right is-stacked-on-mobile is-image-fill has-white-color has-black-background-color has-text-color has-background\" style=\"grid-template-columns:auto 40%\"><div class=\"wp-block-media-text__content\">\n<div class=\"wp-block-group is-layout-constrained wp-block-group-is-layout-constrained\" style=\"padding-top:var(--wp--preset--spacing--60);padding-bottom:var(--wp--preset--spacing--60)\">\n<p>Bienvenue chez BOOMA, votre destination ultime pour les sports de raquettes tel que le ping-pong et le Pickleball ! Notre entreprise est n\u00e9e de notre passion commune pour ces deux sports palpitants. Nous sommes d\u00e9termin\u00e9s \u00e0 offrir \u00e0 nos clients une exp\u00e9rience exceptionnelle et \u00e0 les aider \u00e0 trouver les meilleurs \u00e9quipements pour leurs besoins.<\/p>\n\n\n\n<p>Nous sommes des amateurs de ping-pong depuis notre jeune \u00e2ge. Notre passion pour ce sport a inspir\u00e9 la cr\u00e9ation de BOOMA, avec pour objectif de fournir des produits de qualit\u00e9 sup\u00e9rieure pour les joueurs de tous niveaux. Que vous soyez un joueur d\u00e9butant cherchant \u00e0 am\u00e9liorer vos comp\u00e9tences ou un comp\u00e9titeur chevronn\u00e9 cherchant \u00e0 affiner votre jeu, nous avons ce qu&rsquo;il vous faut.<\/p>\n\n\n\n<p>Nous avons d\u00e9couvert le Pickleball lors d&rsquo;un voyage familial et nous avons \u00e9t\u00e9 imm\u00e9diatement s\u00e9duit par son m\u00e9lange unique de comp\u00e9tition et de convivialit\u00e9. Convaincue du potentiel de ce sport en plein essor, nous avons d\u00e9cid\u00e9 de lancer une gamme de produits de Pickleball de premi\u00e8re qualit\u00e9.<\/p>\n\n\n\n<p>Pourquoi le nom BOOMA? Nos deux enfants sportifs ont l\u2019habitude depuis leur jeune \u00e2ge de dire \u2018\u2019BOOMA\u2019\u2019 lorsqu\u2019ils font un bon coup en pratiquant leurs sports favoris.&nbsp;<\/p>\n\n\n\n<p>Chez BOOMA, nous nous engageons \u00e0 fournir des produits de la plus haute qualit\u00e9, soigneusement s\u00e9lectionn\u00e9s pour r\u00e9pondre aux besoins et aux exigences des joueurs les plus exigeants. Que vous recherchiez des raquettes de ping-pong ou de Pickleball, des balles de qualit\u00e9, des filets r\u00e9sistants ou tout autre accessoire essentiel, nous avons ce qu&rsquo;il vous faut pour prendre votre jeu au niveau sup\u00e9rieur.<\/p>\n\n\n\n<p>Nous croyons \u00e9galement fermement en l&rsquo;importance du service client. Notre \u00e9quipe d\u00e9vou\u00e9e est l\u00e0 pour r\u00e9pondre \u00e0 toutes vos questions, vous conseiller et vous guider tout au long de votre parcours. Nous voulons que votre exp\u00e9rience avec BOOMA soit exceptionnelle, et nous ferons tout notre possible pour vous offrir un service personnalis\u00e9 et attentionn\u00e9.<\/p>\n<\/div>\n<\/div><figure class=\"wp-block-media-text__media\" style=\"background-image:url(http:\/\/booma.wikijeff.dev\/wp-content\/uploads\/2023\/06\/img-about-1.jpg);background-position:50% 50%\"><img loading=\"lazy\" decoding=\"async\" width=\"1045\" height=\"1024\" src=\"http:\/\/booma.wikijeff.dev\/wp-content\/uploads\/2023\/06\/img-about-1.jpg\" alt=\"\" class=\"wp-image-151 size-square\" srcset=\"https:\/\/booma.wikijeff.dev\/wp-content\/uploads\/2023\/06\/img-about-1.jpg 1045w, https:\/\/booma.wikijeff.dev\/wp-content\/uploads\/2023\/06\/img-about-1-300x294.jpg 300w, https:\/\/booma.wikijeff.dev\/wp-content\/uploads\/2023\/06\/img-about-1-1024x1003.jpg 1024w, https:\/\/booma.wikijeff.dev\/wp-content\/uploads\/2023\/06\/img-about-1-768x753.jpg 768w, https:\/\/booma.wikijeff.dev\/wp-content\/uploads\/2023\/06\/img-about-1-800x784.jpg 800w\" sizes=\"auto, (max-width: 1045px) 100vw, 1045px\" \/><\/figure><\/div>\n\n\n\n<div class=\"wp-block-group alignfull has-white-color has-primary-background-color has-text-color has-background is-layout-constrained wp-block-group-is-layout-constrained\">\n<div class=\"wp-block-group container is-layout-constrained wp-container-core-group-is-layout-82768ea7 wp-block-group-is-layout-constrained\" style=\"padding-top:var(--wp--preset--spacing--40);padding-right:0;padding-bottom:var(--wp--preset--spacing--40);padding-left:0\">\n<p class=\"has-text-align-center mb-0 has-medium-font-size\">Rejoignez-nous chez BOOMA et d\u00e9couvrez une nouvelle dimension de plaisir et d&rsquo;excellence dans le monde du ping-pong et du Pickleball. Laissez Dominic, Jessie et toute notre \u00e9quipe passionn\u00e9e vous accompagner dans votre parcours sportif.<\/p>\n<\/div>\n<\/div>\n\n\n\n<figure class=\"wp-block-image alignfull size-large\"><img loading=\"lazy\" decoding=\"async\" width=\"1024\" height=\"376\" src=\"http:\/\/booma.wikijeff.dev\/wp-content\/uploads\/2023\/07\/img-about-2-1024x376.jpg\" alt=\"\" class=\"wp-image-690\" srcset=\"https:\/\/booma.wikijeff.dev\/wp-content\/uploads\/2023\/07\/img-about-2-1024x376.jpg 1024w, https:\/\/booma.wikijeff.dev\/wp-content\/uploads\/2023\/07\/img-about-2-300x110.jpg 300w, https:\/\/booma.wikijeff.dev\/wp-content\/uploads\/2023\/07\/img-about-2-768x282.jpg 768w, https:\/\/booma.wikijeff.dev\/wp-content\/uploads\/2023\/07\/img-about-2-1536x564.jpg 1536w, https:\/\/booma.wikijeff.dev\/wp-content\/uploads\/2023\/07\/img-about-2-2048x752.jpg 2048w, https:\/\/booma.wikijeff.dev\/wp-content\/uploads\/2023\/07\/img-about-2-1320x484.jpg 1320w, https:\/\/booma.wikijeff.dev\/wp-content\/uploads\/2023\/07\/img-about-2-800x294.jpg 800w\" sizes=\"auto, (max-width: 1024px) 100vw, 1024px\" \/><\/figure>\n","protected":false},"excerpt":{"rendered":"<p>Rejoignez-nous chez BOOMA et d\u00e9couvrez une nouvelle dimension de plaisir et d&rsquo;excellence dans le monde du ping-pong et du Pickleball. [&hellip;]<\/p>\n","protected":false},"author":3,"featured_media":0,"parent":0,"menu_order":0,"comment_status":"closed","ping_status":"closed","template":"","meta":{"_acf_changed":false,"footnotes":""},"class_list":["post-465","page","type-page","status-publish","hentry"],"acf":[],"_links":{"self":[{"href":"https:\/\/booma.wikijeff.dev\/fr\/wp-json\/wp\/v2\/pages\/465","targetHints":{"allow":["GET"]}}],"collection":[{"href":"https:\/\/booma.wikijeff.dev\/fr\/wp-json\/wp\/v2\/pages"}],"about":[{"href":"https:\/\/booma.wikijeff.dev\/fr\/wp-json\/wp\/v2\/types\/page"}],"author":[{"embeddable":true,"href":"https:\/\/booma.wikijeff.dev\/fr\/wp-json\/wp\/v2\/users\/3"}],"replies":[{"embeddable":true,"href":"https:\/\/booma.wikijeff.dev\/fr\/wp-json\/wp\/v2\/comments?post=465"}],"version-history":[{"count":12,"href":"https:\/\/booma.wikijeff.dev\/fr\/wp-json\/wp\/v2\/pages\/465\/revisions"}],"predecessor-version":[{"id":948,"href":"https:\/\/booma.wikijeff.dev\/fr\/wp-json\/wp\/v2\/pages\/465\/revisions\/948"}],"wp:attachment":[{"href":"https:\/\/booma.wikijeff.dev\/fr\/wp-json\/wp\/v2\/media?parent=465"}],"curies":[{"name":"wp","href":"https:\/\/api.w.org\/{rel}","templated":true}]}}