{"id":467,"date":"2023-05-30T17:57:54","date_gmt":"2023-05-30T22:57:54","guid":{"rendered":"https:\/\/booma.wikijeff.dev\/?page_id=467"},"modified":"2023-08-22T16:08:54","modified_gmt":"2023-08-22T21:08:54","slug":"contactez-nous","status":"publish","type":"page","link":"https:\/\/booma.wikijeff.dev\/fr\/contactez-nous\/","title":{"rendered":"Contact"},"content":{"rendered":"\n<div class=\"wp-block-cover alignfull page-title\"><span aria-hidden=\"true\" class=\"wp-block-cover__background has-background-dim-0 has-background-dim\"><\/span><img loading=\"lazy\" decoding=\"async\" width=\"2561\" height=\"551\" class=\"wp-block-cover__image-background wp-image-186\" alt=\"\" src=\"http:\/\/booma.wikijeff.dev\/wp-content\/uploads\/2023\/06\/bg-title-contact.jpg\" data-object-fit=\"cover\" srcset=\"https:\/\/booma.wikijeff.dev\/wp-content\/uploads\/2023\/06\/bg-title-contact.jpg 2561w, https:\/\/booma.wikijeff.dev\/wp-content\/uploads\/2023\/06\/bg-title-contact-300x65.jpg 300w, https:\/\/booma.wikijeff.dev\/wp-content\/uploads\/2023\/06\/bg-title-contact-1024x220.jpg 1024w, https:\/\/booma.wikijeff.dev\/wp-content\/uploads\/2023\/06\/bg-title-contact-768x165.jpg 768w, https:\/\/booma.wikijeff.dev\/wp-content\/uploads\/2023\/06\/bg-title-contact-1536x330.jpg 1536w, https:\/\/booma.wikijeff.dev\/wp-content\/uploads\/2023\/06\/bg-title-contact-2048x441.jpg 2048w, https:\/\/booma.wikijeff.dev\/wp-content\/uploads\/2023\/06\/bg-title-contact-1320x284.jpg 1320w, https:\/\/booma.wikijeff.dev\/wp-content\/uploads\/2023\/06\/bg-title-contact-800x172.jpg 800w\" sizes=\"auto, (max-width: 2561px) 100vw, 2561px\" \/><div class=\"wp-block-cover__inner-container is-layout-flow wp-block-cover-is-layout-flow\">\n<div class=\"wp-block-group container is-layout-constrained wp-block-group-is-layout-constrained\">\n<h2 class=\"wp-block-heading has-text-align-left\">Contactez-nous<\/h2>\n<\/div>\n<\/div><\/div>\n\n\n\n<div class=\"wp-block-columns is-layout-flex wp-container-core-columns-is-layout-643ced6b wp-block-columns-is-layout-flex\">\n<div class=\"wp-block-column is-layout-flow wp-block-column-is-layout-flow\">\n<p>Nous sommes une entreprise familiale passionn\u00e9e de sport d\u00e9di\u00e9e \u00e0 offrir des produits de haute performance \u00e0 un prix abordable. Nous nous effor\u00e7ons d&rsquo;innover dans tous les aspects de nos produits. Nous appr\u00e9cions les commentaires de nos clients. Nous pouvons vous assurer que votre satisfaction est notre priorit\u00e9 et nous continuerons d&rsquo;am\u00e9liorer r\u00e9guli\u00e8rement nos produits pour r\u00e9pondre aux plus hauts standards de qualit\u00e9 et de performance.<\/p>\n\n\n\n<p>Si pour une raison quelconque vous n&rsquo;\u00eates pas satisfait de ce produit, veuillez nous contacter \u00e0 l&rsquo;adresse <a href=\"mailto:customersupport@boomastore.com\">customersupport@boomastore.com<\/a>.<\/p>\n\n\n\n<p>Nous appr\u00e9cions votre soutien.<\/p>\n\n\n\n<p>Dominic et Jessie<br>Fondateurs de BOOMA<\/p>\n\n\n\n<div class=\"wp-block-group contact-socials is-layout-constrained wp-block-group-is-layout-constrained\"><div class=\"social-icons\">\n            <a target=\"_blank\" class=\"icon-facebook\" href=\"https:\/\/www.facebook.com\/profile.php?id=100091676805689\" rel=\"noopener noreferrer\">\n            <span class=\"sr-only\">Facebook<\/span>\n        <\/a>\n                    <a target=\"_blank\" class=\"icon-instagram\" href=\"https:\/\/www.instagram.com\/booma_sports\/\" rel=\"noopener noreferrer\">\n            <span class=\"sr-only\">Instagram<\/span>\n        <\/a>\n                    <a target=\"_blank\" class=\"icon-youtube\" href=\"https:\/\/www.youtube.com\/channel\/UConBENN81byrAwweI1rgX3w\" rel=\"noopener noreferrer\">\n            <span class=\"sr-only\">YouTube<\/span>\n        <\/a>\n        <\/div>\n\n<\/div>\n<\/div>\n\n\n\n<div class=\"wp-block-column is-layout-flow wp-block-column-is-layout-flow\">\n<div class=\"wp-block-group contact-form is-layout-constrained wp-block-group-is-layout-constrained\">\n<div class=\"wpcf7 no-js\" id=\"wpcf7-f575-o1\" lang=\"fr-FR\" dir=\"ltr\" data-wpcf7-id=\"575\">\n<div class=\"screen-reader-response\"><p role=\"status\" aria-live=\"polite\" aria-atomic=\"true\"><\/p> <ul><\/ul><\/div>\n<form action=\"\/fr\/wp-json\/wp\/v2\/pages\/467#wpcf7-f575-o1\" method=\"post\" class=\"wpcf7-form init\" aria-label=\"Formulaire de contact\" novalidate=\"novalidate\" data-status=\"init\">\n<fieldset class=\"hidden-fields-container\"><input type=\"hidden\" name=\"_wpcf7\" value=\"575\" \/><input type=\"hidden\" name=\"_wpcf7_version\" value=\"6.1.5\" \/><input type=\"hidden\" name=\"_wpcf7_locale\" value=\"fr_FR\" \/><input type=\"hidden\" name=\"_wpcf7_unit_tag\" value=\"wpcf7-f575-o1\" \/><input type=\"hidden\" name=\"_wpcf7_container_post\" value=\"0\" \/><input type=\"hidden\" name=\"_wpcf7_posted_data_hash\" value=\"\" \/>\n<\/fieldset>\n<p><label> Votre nom<br \/>\n<span class=\"wpcf7-form-control-wrap\" data-name=\"your-name\"><input size=\"40\" maxlength=\"400\" class=\"wpcf7-form-control wpcf7-text wpcf7-validates-as-required\" autocomplete=\"name\" aria-required=\"true\" aria-invalid=\"false\" value=\"\" type=\"text\" name=\"your-name\" \/><\/span> <\/label>\n<\/p>\n<p><label> Votre courriel<br \/>\n<span class=\"wpcf7-form-control-wrap\" data-name=\"your-email\"><input size=\"40\" maxlength=\"400\" class=\"wpcf7-form-control wpcf7-email wpcf7-validates-as-required wpcf7-text wpcf7-validates-as-email\" autocomplete=\"email\" aria-required=\"true\" aria-invalid=\"false\" value=\"\" type=\"email\" name=\"your-email\" \/><\/span> <\/label>\n<\/p>\n<p><label> Votre message<br \/>\n<span class=\"wpcf7-form-control-wrap\" data-name=\"your-message\"><textarea cols=\"40\" rows=\"10\" maxlength=\"2000\" class=\"wpcf7-form-control wpcf7-textarea\" aria-invalid=\"false\" name=\"your-message\"><\/textarea><\/span> <\/label>\n<\/p>\n<p><button type=\"submit\">Envoyer<\/button>\n<\/p><input type='hidden' class='wpcf7-pum' value='{\"closepopup\":false,\"closedelay\":0,\"openpopup\":false,\"openpopup_id\":0}' \/><div class=\"wpcf7-response-output\" aria-hidden=\"true\"><\/div>\n<\/form>\n<\/div>\n\n<\/div>\n<\/div>\n<\/div>\n","protected":false},"excerpt":{"rendered":"<p>Nous sommes une entreprise familiale passionn\u00e9e de sport d\u00e9di\u00e9e \u00e0 offrir des produits de haute performance \u00e0 un prix abordable. [&hellip;]<\/p>\n","protected":false},"author":3,"featured_media":0,"parent":0,"menu_order":0,"comment_status":"closed","ping_status":"closed","template":"","meta":{"_acf_changed":false,"footnotes":""},"class_list":["post-467","page","type-page","status-publish","hentry"],"acf":[],"_links":{"self":[{"href":"https:\/\/booma.wikijeff.dev\/fr\/wp-json\/wp\/v2\/pages\/467","targetHints":{"allow":["GET"]}}],"collection":[{"href":"https:\/\/booma.wikijeff.dev\/fr\/wp-json\/wp\/v2\/pages"}],"about":[{"href":"https:\/\/booma.wikijeff.dev\/fr\/wp-json\/wp\/v2\/types\/page"}],"author":[{"embeddable":true,"href":"https:\/\/booma.wikijeff.dev\/fr\/wp-json\/wp\/v2\/users\/3"}],"replies":[{"embeddable":true,"href":"https:\/\/booma.wikijeff.dev\/fr\/wp-json\/wp\/v2\/comments?post=467"}],"version-history":[{"count":6,"href":"https:\/\/booma.wikijeff.dev\/fr\/wp-json\/wp\/v2\/pages\/467\/revisions"}],"predecessor-version":[{"id":756,"href":"https:\/\/booma.wikijeff.dev\/fr\/wp-json\/wp\/v2\/pages\/467\/revisions\/756"}],"wp:attachment":[{"href":"https:\/\/booma.wikijeff.dev\/fr\/wp-json\/wp\/v2\/media?parent=467"}],"curies":[{"name":"wp","href":"https:\/\/api.w.org\/{rel}","templated":true}]}}