{"id":58,"date":"2023-05-30T15:10:13","date_gmt":"2023-05-30T20:10:13","guid":{"rendered":"http:\/\/booma.wikijeff.dev\/accueil\/"},"modified":"2023-09-12T13:32:01","modified_gmt":"2023-09-12T18:32:01","slug":"accueil","status":"publish","type":"page","link":"https:\/\/booma.wikijeff.dev\/fr\/","title":{"rendered":"Accueil"},"content":{"rendered":"    <div class=\"cb-hero  alignfull\">\n\n        <div id=\"block_3b6e1b53795f29100d70c930ae17a705\" class=\"js-slider\">\n                            <div class=\"js-slider__slide cb-hero__slide is-dark\">\n                    <div class=\"cb-hero__bg\">\n                                                                        <div class=\"bg-image\">\n                            <img loading=\"lazy\" decoding=\"async\" width=\"2560\" height=\"920\" src=\"https:\/\/booma.wikijeff.dev\/wp-content\/uploads\/2023\/07\/bg-home-1-2.jpg\" class=\"attachment-full size-full\" alt=\"\" \/>                        <\/div>\n                                                                        <div class=\"mobile-image\">\n                            <img loading=\"lazy\" decoding=\"async\" width=\"2160\" height=\"2795\" src=\"https:\/\/booma.wikijeff.dev\/wp-content\/uploads\/2023\/08\/booma-mobile-hero.png\" class=\"attachment-full size-full\" alt=\"\" srcset=\"https:\/\/booma.wikijeff.dev\/wp-content\/uploads\/2023\/08\/booma-mobile-hero.png 2160w, https:\/\/booma.wikijeff.dev\/wp-content\/uploads\/2023\/08\/booma-mobile-hero-232x300.png 232w, https:\/\/booma.wikijeff.dev\/wp-content\/uploads\/2023\/08\/booma-mobile-hero-791x1024.png 791w, https:\/\/booma.wikijeff.dev\/wp-content\/uploads\/2023\/08\/booma-mobile-hero-768x994.png 768w, https:\/\/booma.wikijeff.dev\/wp-content\/uploads\/2023\/08\/booma-mobile-hero-1187x1536.png 1187w, https:\/\/booma.wikijeff.dev\/wp-content\/uploads\/2023\/08\/booma-mobile-hero-1583x2048.png 1583w, https:\/\/booma.wikijeff.dev\/wp-content\/uploads\/2023\/08\/booma-mobile-hero-1320x1708.png 1320w, https:\/\/booma.wikijeff.dev\/wp-content\/uploads\/2023\/08\/booma-mobile-hero-800x1035.png 800w\" sizes=\"auto, (max-width: 2160px) 100vw, 2160px\" \/>                        <\/div>\n                                            <\/div>\n                    <div class=\"cb-hero__content\">\n                        <div class=\"content-inner\">\n                            <h2 class=\"wp-block-heading has-text-align-left has-xxlarge-font-size\">Continuez d\u2019avancer !<\/h2>\n<p>Boostez votre jeu avec les \u00e9quipements de pickleball et de ping-pong de qualit\u00e9 sup\u00e9rieure de BOOMA. Lib\u00e9rez votre v\u00e9ritable potentiel et dominez le terrain comme jamais auparavant. Magasinez maintenant !<\/p>\n<div class=\"wp-block-buttons is-layout-flex\">\n<div class=\"wp-block-button is-style-outline\"><a class=\"wp-block-button__link wp-element-button\" tabindex=\"0\" href=\"\/fr\/boutique\/\">MAGASINER<\/a><\/div>\n<\/div>\n                        <\/div>\n                    <\/div>\n                <\/div>\n                        <\/div>\n                    <script type=\"text\/javascript\">\n                jQuery(document).ready(function($) {\n                    $('#block_3b6e1b53795f29100d70c930ae17a705').slick({\n                        autoplay: true,\n                        speed: 1000,\n                        autoplaySpeed: 5000,\n                        arrows: false,\n                        dots: false,\n                        pauseOnHover: true,\n                        pauseOnDotsHover: true                    });\n\n                    \/\/ change dots color is the background becomes light\/dark\n                    $('#block_3b6e1b53795f29100d70c930ae17a705').on('beforeChange', function(event, slick, currentSlide, nextSlide){\n                        var slider = document.querySelector('#block_3b6e1b53795f29100d70c930ae17a705');\n                        var slide = slick['$slides'][nextSlide];\n\n                        if(slide.classList.contains('is-light')) {\n                            slider.classList.add('is-light');\n                        } else {\n                            slider.classList.remove('is-light');\n                        }\n                    });\n                });\n            <\/script>\n            <\/div>\n\n\n\n<div class=\"wp-block-columns alignfull col-categories is-layout-flex wp-container-core-columns-is-layout-28f84493 wp-block-columns-is-layout-flex\">\n<div class=\"wp-block-column is-layout-flow wp-block-column-is-layout-flow\">\n<div class=\"wp-block-cover js-block-link\"><span aria-hidden=\"true\" class=\"wp-block-cover__background has-background-dim-0 has-background-dim\"><\/span><img loading=\"lazy\" decoding=\"async\" width=\"855\" height=\"855\" class=\"wp-block-cover__image-background wp-image-90\" alt=\"\" src=\"http:\/\/booma.wikijeff.dev\/wp-content\/uploads\/2023\/06\/bg-pickleball-square.jpg\" data-object-fit=\"cover\" srcset=\"https:\/\/booma.wikijeff.dev\/wp-content\/uploads\/2023\/06\/bg-pickleball-square.jpg 855w, https:\/\/booma.wikijeff.dev\/wp-content\/uploads\/2023\/06\/bg-pickleball-square-300x300.jpg 300w, https:\/\/booma.wikijeff.dev\/wp-content\/uploads\/2023\/06\/bg-pickleball-square-150x150.jpg 150w, https:\/\/booma.wikijeff.dev\/wp-content\/uploads\/2023\/06\/bg-pickleball-square-768x768.jpg 768w, https:\/\/booma.wikijeff.dev\/wp-content\/uploads\/2023\/06\/bg-pickleball-square-800x800.jpg 800w, https:\/\/booma.wikijeff.dev\/wp-content\/uploads\/2023\/06\/bg-pickleball-square-550x550.jpg 550w, https:\/\/booma.wikijeff.dev\/wp-content\/uploads\/2023\/06\/bg-pickleball-square-100x100.jpg 100w\" sizes=\"auto, (max-width: 855px) 100vw, 855px\" \/><div class=\"wp-block-cover__inner-container is-layout-flow wp-block-cover-is-layout-flow\">\n<h2 class=\"wp-block-heading has-text-align-center has-large-font-size\">Pickleball<\/h2>\n\n\n\n<p class=\"has-text-align-center\">D\u00e9couvrez la ligne\nde raquettes et de balles de Pickleball de BOOMA, toutes fi\u00e8rement approuv\u00e9es par l&rsquo;USAPA ! Pr\u00e9parez-vous \u00e0 \u00e9lever votre jeu de Pickleball \u00e0 de nouveaux sommets avec notre \u00e9quipement de haute qualit\u00e9.<\/p>\n\n\n\n<div class=\"wp-block-buttons is-content-justification-center is-layout-flex wp-container-core-buttons-is-layout-a89b3969 wp-block-buttons-is-layout-flex\">\n<div class=\"wp-block-button is-style-outline is-style-outline--1\"><a class=\"wp-block-button__link wp-element-button\" href=\"\/fr\/categorie-produit\/pickleball\/\">Voir pickLeball<\/a><\/div>\n<\/div>\n<\/div><\/div>\n<\/div>\n\n\n\n<div class=\"wp-block-column is-layout-flow wp-block-column-is-layout-flow\">\n<div class=\"wp-block-cover\"><span aria-hidden=\"true\" class=\"wp-block-cover__background has-background-dim-0 has-background-dim\"><\/span><img decoding=\"async\" class=\"wp-block-cover__image-background wp-image-93\" alt=\"\" src=\"http:\/\/booma.wikijeff.dev\/wp-content\/uploads\/2023\/06\/temporaire_product_variation_home_3.png\" data-object-fit=\"cover\"\/><div class=\"wp-block-cover__inner-container is-layout-flow wp-block-cover-is-layout-flow\">\n<div class=\"wp-block-buttons is-content-justification-center is-layout-flex wp-container-core-buttons-is-layout-a89b3969 wp-block-buttons-is-layout-flex\"><\/div>\n<\/div><\/div>\n<\/div>\n\n\n\n<div class=\"wp-block-column is-layout-flow wp-block-column-is-layout-flow\">\n<div class=\"wp-block-cover js-block-link\"><span aria-hidden=\"true\" class=\"wp-block-cover__background has-background-dim-0 has-background-dim\"><\/span><img loading=\"lazy\" decoding=\"async\" width=\"855\" height=\"855\" class=\"wp-block-cover__image-background wp-image-88\" alt=\"\" src=\"http:\/\/booma.wikijeff.dev\/wp-content\/uploads\/2023\/06\/bg-ping-pong-square.jpg\" data-object-fit=\"cover\" srcset=\"https:\/\/booma.wikijeff.dev\/wp-content\/uploads\/2023\/06\/bg-ping-pong-square.jpg 855w, https:\/\/booma.wikijeff.dev\/wp-content\/uploads\/2023\/06\/bg-ping-pong-square-550x550.jpg 550w, https:\/\/booma.wikijeff.dev\/wp-content\/uploads\/2023\/06\/bg-ping-pong-square-100x100.jpg 100w, https:\/\/booma.wikijeff.dev\/wp-content\/uploads\/2023\/06\/bg-ping-pong-square-800x800.jpg 800w, https:\/\/booma.wikijeff.dev\/wp-content\/uploads\/2023\/06\/bg-ping-pong-square-300x300.jpg 300w, https:\/\/booma.wikijeff.dev\/wp-content\/uploads\/2023\/06\/bg-ping-pong-square-150x150.jpg 150w, https:\/\/booma.wikijeff.dev\/wp-content\/uploads\/2023\/06\/bg-ping-pong-square-768x768.jpg 768w\" sizes=\"auto, (max-width: 855px) 100vw, 855px\" \/><div class=\"wp-block-cover__inner-container is-layout-flow wp-block-cover-is-layout-flow\">\n<h2 class=\"wp-block-heading has-text-align-center has-large-font-size\">Ping pong<\/h2>\n\n\n\n<p class=\"has-text-align-center\">D\u00e9couvrez la collection de pointe de\nraquette, balles et filets de Ping Pong de BOOMA. Nos raquettes de Ping Pong sont toutes fi\u00e8rement approuv\u00e9es par l&rsquo;ITTF pour les tournois ! Pr\u00e9parez-vous \u00e0 am\u00e9liorer votre jeu de tennis de table avec notre \u00e9quipement de\nqualit\u00e9 sup\u00e9rieure.<\/p>\n\n\n\n<div class=\"wp-block-buttons is-content-justification-center is-layout-flex wp-container-core-buttons-is-layout-a89b3969 wp-block-buttons-is-layout-flex\">\n<div class=\"wp-block-button is-style-outline is-style-outline--2\"><a class=\"wp-block-button__link wp-element-button\" href=\"\/fr\/categorie-produit\/ping-pong\/\">Voir ping pong<\/a><\/div>\n<\/div>\n<\/div><\/div>\n<\/div>\n<\/div>\n\n\n\n<div class=\"wp-block-group home-about is-layout-constrained wp-block-group-is-layout-constrained\">\n<h2 class=\"wp-block-heading has-primary-color has-text-color\"><em>\u00c0 Propos<\/em><\/h2>\n\n\n\n<p>Bienvenue chez BOOMA, votre destination ultime pour le ping-pong et le pickleball. Notre passion pour ces sports nous pousse \u00e0 offrir des produits de haute qualit\u00e9 pour tous les niveaux. Vivez l&rsquo;excitation avec nos raquettes premium, nos balles, nos filets et bien plus encore. Rejoignez-nous et \u00e9levez votre jeu d\u00e8s aujourd&rsquo;hui !<\/p>\n\n\n\n<div style=\"height:2rem\" aria-hidden=\"true\" class=\"wp-block-spacer\"><\/div>\n\n\n\n<div class=\"wp-block-buttons is-layout-flex wp-block-buttons-is-layout-flex\">\n<div class=\"wp-block-button is-style-fill\"><a class=\"wp-block-button__link wp-element-button\" href=\"https:\/\/booma.wikijeff.dev\/fr\/a-propos\/\">En savoir plus<\/a><\/div>\n<\/div>\n<\/div>\n\n\n\n<h2 class=\"wp-block-heading has-text-align-center is-style-bordered recent-posts__title\"><em>Articles r\u00e9cents<\/em><\/h2>\n\n\n\n<div class=\"wp-block-query is-layout-flow wp-block-query-is-layout-flow\"><ul class=\"posts-list wp-block-post-template is-layout-flow wp-block-post-template-is-layout-flow\"><li class=\"wp-block-post post-537 post type-post status-publish format-standard has-post-thumbnail hentry category-pickleball\">\n<figure class=\"alignwide post-thumbnail wp-block-post-featured-image\"><a href=\"https:\/\/booma.wikijeff.dev\/fr\/strategies-de-pickleball-comment-ameliorer-votre-jeu-et-dejouer-vos-adversaires\/\" target=\"_self\"  ><img loading=\"lazy\" decoding=\"async\" width=\"900\" height=\"500\" src=\"https:\/\/booma.wikijeff.dev\/wp-content\/uploads\/2023\/08\/booma_blog_strategies-900x500.png\" class=\"attachment-post-thumbnail size-post-thumbnail wp-post-image\" alt=\"Strat\u00e9gies de pickleball : Comment am\u00e9liorer votre jeu et d\u00e9jouer vos adversaires\" style=\"object-fit:cover;\" srcset=\"https:\/\/booma.wikijeff.dev\/wp-content\/uploads\/2023\/08\/booma_blog_strategies-900x500.png 900w, https:\/\/booma.wikijeff.dev\/wp-content\/uploads\/2023\/08\/booma_blog_strategies-300x167.png 300w, https:\/\/booma.wikijeff.dev\/wp-content\/uploads\/2023\/08\/booma_blog_strategies-1024x569.png 1024w, https:\/\/booma.wikijeff.dev\/wp-content\/uploads\/2023\/08\/booma_blog_strategies-768x427.png 768w, https:\/\/booma.wikijeff.dev\/wp-content\/uploads\/2023\/08\/booma_blog_strategies-1536x853.png 1536w, https:\/\/booma.wikijeff.dev\/wp-content\/uploads\/2023\/08\/booma_blog_strategies-1320x733.png 1320w, https:\/\/booma.wikijeff.dev\/wp-content\/uploads\/2023\/08\/booma_blog_strategies-800x444.png 800w, https:\/\/booma.wikijeff.dev\/wp-content\/uploads\/2023\/08\/booma_blog_strategies.png 2000w\" sizes=\"auto, (max-width: 900px) 100vw, 900px\" \/><\/a><\/figure>\n\n<h2 class=\"post-title wp-block-post-title\"><a href=\"https:\/\/booma.wikijeff.dev\/fr\/strategies-de-pickleball-comment-ameliorer-votre-jeu-et-dejouer-vos-adversaires\/\" target=\"_self\" >Strat\u00e9gies de pickleball : Comment am\u00e9liorer votre jeu et d\u00e9jouer vos adversaires<\/a><\/h2>\n\n<div class=\"post-date wp-block-post-date\"><time datetime=\"2023-06-22T07:56:02-05:00\">22 juin 2023<\/time><\/div>\n\n<div class=\"wp-block-post-excerpt\"><p class=\"wp-block-post-excerpt__excerpt\">Le pickleball est un jeu qui combine comp\u00e9tence, agilit\u00e9 et r\u00e9flexion strat\u00e9gique. Bien que ma\u00eetriser les bases du pickleball soit<\/p><p class=\"wp-block-post-excerpt__more-text\"><a class=\"wp-block-post-excerpt__more-link\" href=\"https:\/\/booma.wikijeff.dev\/fr\/strategies-de-pickleball-comment-ameliorer-votre-jeu-et-dejouer-vos-adversaires\/\">Lire l&rsquo;article<\/a><\/p><\/div>\n<\/li><li class=\"wp-block-post post-557 post type-post status-publish format-standard has-post-thumbnail hentry category-ping-pong\">\n<figure class=\"alignwide post-thumbnail wp-block-post-featured-image\"><a href=\"https:\/\/booma.wikijeff.dev\/fr\/guide-dequipement-de-ping-pong-choix-de-la-bonne-raquette-et-de-la-bonne-table\/\" target=\"_self\"  ><img loading=\"lazy\" decoding=\"async\" width=\"900\" height=\"500\" src=\"https:\/\/booma.wikijeff.dev\/wp-content\/uploads\/2023\/06\/booma_blog_equipement-900x500.png\" class=\"attachment-post-thumbnail size-post-thumbnail wp-post-image\" alt=\"Guide d&rsquo;\u00e9quipement de ping pong : Choix de la bonne raquette et de la bonne table\" style=\"object-fit:cover;\" srcset=\"https:\/\/booma.wikijeff.dev\/wp-content\/uploads\/2023\/06\/booma_blog_equipement-900x500.png 900w, https:\/\/booma.wikijeff.dev\/wp-content\/uploads\/2023\/06\/booma_blog_equipement-300x167.png 300w, https:\/\/booma.wikijeff.dev\/wp-content\/uploads\/2023\/06\/booma_blog_equipement-1024x569.png 1024w, https:\/\/booma.wikijeff.dev\/wp-content\/uploads\/2023\/06\/booma_blog_equipement-768x427.png 768w, https:\/\/booma.wikijeff.dev\/wp-content\/uploads\/2023\/06\/booma_blog_equipement-1536x853.png 1536w, https:\/\/booma.wikijeff.dev\/wp-content\/uploads\/2023\/06\/booma_blog_equipement-1320x733.png 1320w, https:\/\/booma.wikijeff.dev\/wp-content\/uploads\/2023\/06\/booma_blog_equipement-800x444.png 800w, https:\/\/booma.wikijeff.dev\/wp-content\/uploads\/2023\/06\/booma_blog_equipement.png 2000w\" sizes=\"auto, (max-width: 900px) 100vw, 900px\" \/><\/a><\/figure>\n\n<h2 class=\"post-title wp-block-post-title\"><a href=\"https:\/\/booma.wikijeff.dev\/fr\/guide-dequipement-de-ping-pong-choix-de-la-bonne-raquette-et-de-la-bonne-table\/\" target=\"_self\" >Guide d&rsquo;\u00e9quipement de ping pong : Choix de la bonne raquette et de la bonne table<\/a><\/h2>\n\n<div class=\"post-date wp-block-post-date\"><time datetime=\"2023-06-22T07:44:56-05:00\">22 juin 2023<\/time><\/div>\n\n<div class=\"wp-block-post-excerpt\"><p class=\"wp-block-post-excerpt__excerpt\">Le ping pong, \u00e9galement connu sous le nom de tennis de table, est un sport rapide et tr\u00e8s agr\u00e9able qui<\/p><p class=\"wp-block-post-excerpt__more-text\"><a class=\"wp-block-post-excerpt__more-link\" href=\"https:\/\/booma.wikijeff.dev\/fr\/guide-dequipement-de-ping-pong-choix-de-la-bonne-raquette-et-de-la-bonne-table\/\">Lire l&rsquo;article<\/a><\/p><\/div>\n<\/li><\/ul>\n\n\n<div class=\"wp-block-buttons is-content-justification-center is-layout-flex wp-container-core-buttons-is-layout-84dfb3a3 wp-block-buttons-is-layout-flex\" style=\"margin-top:var(--wp--preset--spacing--50);margin-bottom:var(--wp--preset--spacing--50)\">\n<div class=\"wp-block-button is-style-fill\"><a class=\"wp-block-button__link wp-element-button\" href=\"\/fr\/blogue\/\">Voir plus<\/a><\/div>\n<\/div>\n\n\n\n<div style=\"height:6rem\" aria-hidden=\"true\" class=\"wp-block-spacer\"><\/div>\n<\/div>\n","protected":false},"excerpt":{"rendered":"<p>\u00c0 Propos Bienvenue chez BOOMA, votre destination ultime pour le ping-pong et le pickleball. Notre passion pour ces sports nous [&hellip;]<\/p>\n","protected":false},"author":3,"featured_media":0,"parent":0,"menu_order":0,"comment_status":"closed","ping_status":"closed","template":"","meta":{"_acf_changed":false,"footnotes":""},"class_list":["post-58","page","type-page","status-publish","hentry"],"acf":[],"_links":{"self":[{"href":"https:\/\/booma.wikijeff.dev\/fr\/wp-json\/wp\/v2\/pages\/58","targetHints":{"allow":["GET"]}}],"collection":[{"href":"https:\/\/booma.wikijeff.dev\/fr\/wp-json\/wp\/v2\/pages"}],"about":[{"href":"https:\/\/booma.wikijeff.dev\/fr\/wp-json\/wp\/v2\/types\/page"}],"author":[{"embeddable":true,"href":"https:\/\/booma.wikijeff.dev\/fr\/wp-json\/wp\/v2\/users\/3"}],"replies":[{"embeddable":true,"href":"https:\/\/booma.wikijeff.dev\/fr\/wp-json\/wp\/v2\/comments?post=58"}],"version-history":[{"count":43,"href":"https:\/\/booma.wikijeff.dev\/fr\/wp-json\/wp\/v2\/pages\/58\/revisions"}],"predecessor-version":[{"id":944,"href":"https:\/\/booma.wikijeff.dev\/fr\/wp-json\/wp\/v2\/pages\/58\/revisions\/944"}],"wp:attachment":[{"href":"https:\/\/booma.wikijeff.dev\/fr\/wp-json\/wp\/v2\/media?parent=58"}],"curies":[{"name":"wp","href":"https:\/\/api.w.org\/{rel}","templated":true}]}}