{"id":497,"date":"2023-06-13T13:14:16","date_gmt":"2023-06-13T18:14:16","guid":{"rendered":"https:\/\/booma.wikijeff.dev\/product\/booma-lightspeed-carbon-series-rouge\/"},"modified":"2023-08-23T08:11:02","modified_gmt":"2023-08-23T13:11:02","slug":"booma-lightspeed-carbon-series-rouge","status":"publish","type":"product","link":"https:\/\/booma.wikijeff.dev\/fr\/produit\/booma-lightspeed-carbon-series-rouge\/","title":{"rendered":"Lightspeed Carbon Series Rouge"},"content":{"rendered":"<ul>\n<li>Surface en carbone : La surface en carbone vous offre plus de contr\u00f4le et de sensations. Il est \u00e9galement tr\u00e8s r\u00e9sistant. Vous pouvez compter sur cette raquette de Pickleball BOOMA pour une grande durabilit\u00e9.<\/li>\n<li>Poign\u00e9e de qualit\u00e9 sup\u00e9rieure : La qualit\u00e9 sup\u00e9rieure de la poign\u00e9e permet une meilleure absorption de la transpiration pour un contr\u00f4le optimal et procure une sensation parfaite. La longueur de la poign\u00e9e est de 5\u2019\u2019 (12,7cm) et sa circonf\u00e9rence est de 4,25\u2019\u2019 (10,8cm) ce qui ajoutera \u00e0 votre confort avec cette raquette.<\/li>\n<li>Poids l\u00e9ger : Il s&rsquo;agit de notre raquette la plus l\u00e9g\u00e8re (7,5 \u00e0 8 oz). Son poids l\u00e9ger augmentera l&rsquo;agilit\u00e9 et le contr\u00f4le. Ayez les mains plus rapides au filet\u00a0!<\/li>\n<li>Noyau en polypropyl\u00c8ne (PP) en nid d&rsquo;abeille : Le noyau en polypropyl\u00e8ne (PP) en nid d&rsquo;abeille r\u00e9duit les vibrations pour un jeu plus silencieux et une meilleure sensation. <\/li>\n<li>Approuv\u00c9e par l\u2019USAPA : Nous visons \u00e0 vendre des produits de haute qualit\u00e9. Toutes les raquettes et balles BOOMA Pickleball sont test\u00e9es et approuv\u00e9es par le United States of America Pickleball Association (USAPA) pour les tournois de pickleball.<\/li>\n<\/ul>\n","protected":false},"excerpt":{"rendered":"<p>La s\u00e9rie Lightspeed Carbon est notre raquette la plus l\u00e9g\u00e8re (7,5 \u00e0 8 oz). Son poids l\u00e9ger augmentera l&rsquo;agilit\u00e9 et le contr\u00f4le. Vous pouvez compter sur cette raquette de pickleball BOOMA pour une grande durabilit\u00e9, gr\u00e2ce \u00e0 sa surface en carbone.<\/p>\n<p>Vous pouvez obtenir un contr\u00f4le suppl\u00e9mentaire gr\u00e2ce \u00e0 sa poign\u00e9e de haute qualit\u00e9 qui absorbe la transpiration et offre une sensation parfaite. Votre confort sera encore meilleur avec le noyau en polypropyl\u00e8ne (PP) en nid d&rsquo;abeille qui r\u00e9duit les vibrations.<\/p>\n<p>Amenez votre jeu au niveau sup\u00e9rieur avec cette raquette approuv\u00e9e par la United States of America Pickleball Association (USAPA) pour les tournois de pickleball.<\/p>\n","protected":false},"featured_media":324,"template":"","meta":{"_acf_changed":false},"product_brand":[],"product_cat":[32],"product_tag":[],"class_list":{"0":"post-497","1":"product","2":"type-product","3":"status-publish","4":"has-post-thumbnail","6":"product_cat-pickleball","8":"first","9":"instock","10":"taxable","11":"shipping-taxable","12":"purchasable","13":"product-type-simple"},"acf":[],"_links":{"self":[{"href":"https:\/\/booma.wikijeff.dev\/fr\/wp-json\/wp\/v2\/product\/497","targetHints":{"allow":["GET"]}}],"collection":[{"href":"https:\/\/booma.wikijeff.dev\/fr\/wp-json\/wp\/v2\/product"}],"about":[{"href":"https:\/\/booma.wikijeff.dev\/fr\/wp-json\/wp\/v2\/types\/product"}],"wp:featuredmedia":[{"embeddable":true,"href":"https:\/\/booma.wikijeff.dev\/fr\/wp-json\/wp\/v2\/media\/324"}],"wp:attachment":[{"href":"https:\/\/booma.wikijeff.dev\/fr\/wp-json\/wp\/v2\/media?parent=497"}],"wp:term":[{"taxonomy":"product_brand","embeddable":true,"href":"https:\/\/booma.wikijeff.dev\/fr\/wp-json\/wp\/v2\/product_brand?post=497"},{"taxonomy":"product_cat","embeddable":true,"href":"https:\/\/booma.wikijeff.dev\/fr\/wp-json\/wp\/v2\/product_cat?post=497"},{"taxonomy":"product_tag","embeddable":true,"href":"https:\/\/booma.wikijeff.dev\/fr\/wp-json\/wp\/v2\/product_tag?post=497"}],"curies":[{"name":"wp","href":"https:\/\/api.w.org\/{rel}","templated":true}]}}