{"id":498,"date":"2023-06-13T13:19:26","date_gmt":"2023-06-13T18:19:26","guid":{"rendered":"https:\/\/booma.wikijeff.dev\/product\/booma-lightspeed-composite-series-bleu\/"},"modified":"2024-03-13T00:48:58","modified_gmt":"2024-03-13T05:48:58","slug":"booma-lightspeed-composite-series-bleu","status":"publish","type":"product","link":"https:\/\/booma.wikijeff.dev\/fr\/produit\/booma-lightspeed-composite-series-bleu\/","title":{"rendered":"Lightspeed Composite Series Bleu"},"content":{"rendered":"<ul>\n<li>Surface en fibre de verre : La surface en fibre de verre vous offre plus de puissance et d&rsquo;entra\u00eenement. Am\u00e9liorez votre jeu offensif et vos retours en fond de terrain.<\/li>\n<li>Poign\u00e9e de qualit\u00e9 sup\u00e9rieure : La qualit\u00e9 sup\u00e9rieure de la poign\u00e9e permet une meilleure absorption de la transpiration pour un contr\u00f4le optimal et procure une sensation parfaite. La longueur de la poign\u00e9e est de 5\u2019\u2019 (12,7cm) et sa circonf\u00e9rence est de 4,25\u2019\u2019 (10,8cm) ce qui ajoutera \u00e0 votre confort avec cette raquette.<\/li>\n<li>Poids l\u00e9ger : C&rsquo;est l&rsquo;une de nos pagaies les plus l\u00e9g\u00e8res (7,5 \u00e0 8 oz). Son poids l\u00e9ger combin\u00e9 \u00e0 sa surface en fibre de verre offre un excellent \u00e9quilibre entre puissance et agilit\u00e9.<\/li>\n<li>Noyau en polypropyl\u00e8ne (PP) en nid d&rsquo;abeille : Le noyau en polypropyl\u00e8ne (PP) en nid d&rsquo;abeille r\u00e9duit les vibrations pour un jeu plus silencieux et une meilleure sensation.<\/li>\n<li>Approuv\u00e9e par l\u2019USAPA : Nous visons \u00e0 vendre des produits de haute qualit\u00e9. Toutes les raquettes et balles BOOMA Pickleball sont test\u00e9es et approuv\u00e9es par le United States of America Pickleball Association (USAPA) pour les tournois de pickleball.<\/li>\n<\/ul>\n","protected":false},"excerpt":{"rendered":"<p>La raquette Lightspeed Composite Series est l&rsquo;une de nos raquettes les plus l\u00e9g\u00e8res (7,5 \u00e0 8 oz). Ayez les mains plus rapides au filet\u00a0!<\/p>\n<p>Obtenez plus de puissance\u00a0! Am\u00e9liorez votre jeu offensif et vos retours en fond de court gr\u00e2ce \u00e0 sa surface en fibre de verre.<\/p>\n<p>Vous recherchez la sensation parfaite ? Sa poign\u00e9e de qualit\u00e9 sup\u00e9rieure qui absorbe la transpiration ainsi que le noyau en nid d&rsquo;abeille en polypropyl\u00e8ne (PP) am\u00e9lioreront votre confort sur le terrain.<\/p>\n<p>Amenez votre jeu au niveau sup\u00e9rieur avec cette raquette approuv\u00e9e par la United States of America Pickleball Association (USAPA) pour les tournois de pickleball.<\/p>\n","protected":false},"featured_media":290,"template":"","meta":{"_acf_changed":false},"product_brand":[],"product_cat":[32],"product_tag":[],"class_list":{"0":"post-498","1":"product","2":"type-product","3":"status-publish","4":"has-post-thumbnail","6":"product_cat-pickleball","8":"first","9":"instock","10":"taxable","11":"shipping-taxable","12":"purchasable","13":"product-type-simple"},"acf":[],"_links":{"self":[{"href":"https:\/\/booma.wikijeff.dev\/fr\/wp-json\/wp\/v2\/product\/498","targetHints":{"allow":["GET"]}}],"collection":[{"href":"https:\/\/booma.wikijeff.dev\/fr\/wp-json\/wp\/v2\/product"}],"about":[{"href":"https:\/\/booma.wikijeff.dev\/fr\/wp-json\/wp\/v2\/types\/product"}],"wp:featuredmedia":[{"embeddable":true,"href":"https:\/\/booma.wikijeff.dev\/fr\/wp-json\/wp\/v2\/media\/290"}],"wp:attachment":[{"href":"https:\/\/booma.wikijeff.dev\/fr\/wp-json\/wp\/v2\/media?parent=498"}],"wp:term":[{"taxonomy":"product_brand","embeddable":true,"href":"https:\/\/booma.wikijeff.dev\/fr\/wp-json\/wp\/v2\/product_brand?post=498"},{"taxonomy":"product_cat","embeddable":true,"href":"https:\/\/booma.wikijeff.dev\/fr\/wp-json\/wp\/v2\/product_cat?post=498"},{"taxonomy":"product_tag","embeddable":true,"href":"https:\/\/booma.wikijeff.dev\/fr\/wp-json\/wp\/v2\/product_tag?post=498"}],"curies":[{"name":"wp","href":"https:\/\/api.w.org\/{rel}","templated":true}]}}