{"id":501,"date":"2023-06-13T13:32:28","date_gmt":"2023-06-13T18:32:28","guid":{"rendered":"https:\/\/booma.wikijeff.dev\/product\/booma-power-composite-series-rouge\/"},"modified":"2023-08-23T08:10:41","modified_gmt":"2023-08-23T13:10:41","slug":"booma-power-composite-series-rouge","status":"publish","type":"product","link":"https:\/\/booma.wikijeff.dev\/fr\/produit\/booma-power-composite-series-rouge\/","title":{"rendered":"Power Composite Series Rouge"},"content":{"rendered":"<ul>\n<li>Puissance : La surface en fibre de verre vous offre plus de puissance de trajet. Am\u00e9liorez votre jeu offensif et vos retours en fond de terrain.<\/li>\n<li>Poign\u00e9e de qualit\u00e9 sup\u00e9rieure : La qualit\u00e9 sup\u00e9rieure de la poign\u00e9e permet une meilleure absorption de la transpiration pour un contr\u00f4le optimal et procure une sensation parfaite. La longueur de la poign\u00e9e est de 5\u2019\u2019 (12,7cm) et sa circonf\u00e9rence est de 4,25\u2019\u2019 (10,8cm) ce qui ajoutera \u00e0 votre confort avec cette raquette.<\/li>\n<li>Plus grand sweet spot : Cette raquette dispose d&rsquo;un noyau plus \u00e9pais (0,6\u00a0\u00bb ou 16 mm) qui augmente le contr\u00f4le, adoucit la sensation en r\u00e9duisant les chocs lorsque vous frappez la balle et vous offre un plus grand sweet spot.<\/li>\n<li>Noyau en polypropyl\u00e8ne (PP) en nid d&rsquo;abeille : Le noyau en polypropyl\u00e8ne (PP) en nid d&rsquo;abeille r\u00e9duit les vibrations pour un jeu plus silencieux et une meilleure sensation.<\/li>\n<li>Approuv\u00e9e par l\u2019USAPA : Nous visons \u00e0 vendre des produits de haute qualit\u00e9. Toutes les raquettes et balles BOOMA Pickleball sont test\u00e9es et approuv\u00e9es par le United States of America Pickleball Association (USAPA) pour les tournois de pickleball.<\/li>\n<\/ul>\n","protected":false},"excerpt":{"rendered":"<p class=\"p1\">Obtenez plus de puissance et de conduite avec la raquette Power Composite Series ! Am\u00e9liorez votre jeu offensif et vos retours en fond de court gr\u00e2ce \u00e0 sa surface en fibre de verre.<\/p>\n<p class=\"p1\">Vous recherchez la sensation parfaite ? Sa poign\u00e9e de qualit\u00e9 sup\u00e9rieure qui absorbe la transpiration qui am\u00e9liorera votre confort et vos sensations sur le court.<\/p>\n<p class=\"p1\">Obtenez un sweetspot plus grand gr\u00e2ce \u00e0 son noyau plus \u00e9pais (0,6 \u00a0\u00bb ou 16 mm) qui augmentera \u00e9galement le contr\u00f4le et adoucit la sensation en r\u00e9duisant les chocs lorsque vous frappez la balle.<\/p>\n<p class=\"p1\">Amenez votre jeu au niveau sup\u00e9rieur avec cette raquette approuv\u00e9e par la United States of America Pickleball Association (USAPA) pour les tournois de pickleball.<\/p>\n","protected":false},"featured_media":311,"template":"","meta":{"_acf_changed":false},"product_brand":[],"product_cat":[32],"product_tag":[],"class_list":{"0":"post-501","1":"product","2":"type-product","3":"status-publish","4":"has-post-thumbnail","6":"product_cat-pickleball","8":"first","9":"instock","10":"taxable","11":"shipping-taxable","12":"purchasable","13":"product-type-simple"},"acf":[],"_links":{"self":[{"href":"https:\/\/booma.wikijeff.dev\/fr\/wp-json\/wp\/v2\/product\/501","targetHints":{"allow":["GET"]}}],"collection":[{"href":"https:\/\/booma.wikijeff.dev\/fr\/wp-json\/wp\/v2\/product"}],"about":[{"href":"https:\/\/booma.wikijeff.dev\/fr\/wp-json\/wp\/v2\/types\/product"}],"wp:featuredmedia":[{"embeddable":true,"href":"https:\/\/booma.wikijeff.dev\/fr\/wp-json\/wp\/v2\/media\/311"}],"wp:attachment":[{"href":"https:\/\/booma.wikijeff.dev\/fr\/wp-json\/wp\/v2\/media?parent=501"}],"wp:term":[{"taxonomy":"product_brand","embeddable":true,"href":"https:\/\/booma.wikijeff.dev\/fr\/wp-json\/wp\/v2\/product_brand?post=501"},{"taxonomy":"product_cat","embeddable":true,"href":"https:\/\/booma.wikijeff.dev\/fr\/wp-json\/wp\/v2\/product_cat?post=501"},{"taxonomy":"product_tag","embeddable":true,"href":"https:\/\/booma.wikijeff.dev\/fr\/wp-json\/wp\/v2\/product_tag?post=501"}],"curies":[{"name":"wp","href":"https:\/\/api.w.org\/{rel}","templated":true}]}}