{"id":502,"date":"2023-06-14T09:34:03","date_gmt":"2023-06-14T14:34:03","guid":{"rendered":"https:\/\/booma.wikijeff.dev\/product\/booma-control-carbon-series-bleu\/"},"modified":"2023-09-18T07:17:19","modified_gmt":"2023-09-18T12:17:19","slug":"booma-control-carbon-series-bleu","status":"publish","type":"product","link":"https:\/\/booma.wikijeff.dev\/fr\/produit\/booma-control-carbon-series-bleu\/","title":{"rendered":"Control Carbon Series Bleu"},"content":{"rendered":"<ul>\n<li>Surface en carbone : La surface en fibre de carbone 18K vous offre plus de contr\u00f4le, sensations et de possibilit\u00e9 d\u2019effets. Elle est \u00e9galement tr\u00e8s r\u00e9sistante. Vous pouvez compter sur cette raquette de pickleball BOOMA pour une grande durabilit\u00e9.<\/li>\n<li>Poign\u00e9e de qualit\u00e9 sup\u00e9rieure : La qualit\u00e9 sup\u00e9rieure de la poign\u00e9e permet une meilleure absorption de la transpiration pour un contr\u00f4le optimal et procure une sensation parfaite. La longueur de la poign\u00e9e est de 5\u2019\u2019 (12,7cm) et sa circonf\u00e9rence est de 4,25\u2019\u2019 (10,8cm) ce qui ajoutera \u00e0 votre confort avec cette raquette.<\/li>\n<li>Plus grand sweet spot : cette raquette dispose d&rsquo;un noyau plus \u00e9pais (0,6\u2019\u2019 ou 16 mm) qui augmente le contr\u00f4le, adoucit la sensation en r\u00e9duisant les chocs lorsque vous frappez la balle et vous offre un plus grand sweet spot.<\/li>\n<li>Noyau en polypropyl\u00e8ne (PP) en nid d&rsquo;abeille : Le noyau en polypropyl\u00e8ne (PP) en nid d&rsquo;abeille r\u00e9duit les vibrations pour un jeu plus silencieux et une meilleure sensation.<\/li>\n<li>Approuv\u00e9e par l\u2019USAPA : Nous visons \u00e0 vendre des produits de haute qualit\u00e9. Toutes les raquettes et balles BOOMA Pickleball sont test\u00e9es et approuv\u00e9es par le United States of America Pickleball Association (USAPA) pour les tournois de pickleball.<\/li>\n<\/ul>\n","protected":false},"excerpt":{"rendered":"<p>La raquette Control Carbon Series est l&rsquo;\u00e9quilibre parfait entre contr\u00f4le et puissance gr\u00e2ce \u00e0 son poids (7,8 &#8211; 8,3 oz). Sa surface en carbone 18k vous offrira une durabilit\u00e9 et des capacit\u00e9s d&rsquo;effet ultimes.<\/p>\n<p>Vous pouvez obtenir un contr\u00f4le suppl\u00e9mentaire gr\u00e2ce \u00e0 sa poign\u00e9e premium qui absorbe la transpiration et offre une sensation parfaite.<\/p>\n<p>Vous cherchez un sweetspot plus grand? Non seulement son noyau plus \u00e9pais (0,6 \u00a0\u00bb ou 16 mm) vous fournira un grand sweetspot, mais il adoucira \u00e9galement la sensation en r\u00e9duisant les chocs lorsque vous frappez la balle.<\/p>\n<p>Amenez votre jeu au niveau sup\u00e9rieur avec cette raquette approuv\u00e9e par la United States of America Pickleball Association (USAPA) pour les tournois de pickleball.<\/p>\n","protected":false},"featured_media":318,"template":"","meta":{"_acf_changed":false},"product_brand":[],"product_cat":[32],"product_tag":[],"class_list":{"0":"post-502","1":"product","2":"type-product","3":"status-publish","4":"has-post-thumbnail","6":"product_cat-pickleball","8":"first","9":"instock","10":"taxable","11":"shipping-taxable","12":"purchasable","13":"product-type-simple"},"acf":[],"_links":{"self":[{"href":"https:\/\/booma.wikijeff.dev\/fr\/wp-json\/wp\/v2\/product\/502","targetHints":{"allow":["GET"]}}],"collection":[{"href":"https:\/\/booma.wikijeff.dev\/fr\/wp-json\/wp\/v2\/product"}],"about":[{"href":"https:\/\/booma.wikijeff.dev\/fr\/wp-json\/wp\/v2\/types\/product"}],"wp:featuredmedia":[{"embeddable":true,"href":"https:\/\/booma.wikijeff.dev\/fr\/wp-json\/wp\/v2\/media\/318"}],"wp:attachment":[{"href":"https:\/\/booma.wikijeff.dev\/fr\/wp-json\/wp\/v2\/media?parent=502"}],"wp:term":[{"taxonomy":"product_brand","embeddable":true,"href":"https:\/\/booma.wikijeff.dev\/fr\/wp-json\/wp\/v2\/product_brand?post=502"},{"taxonomy":"product_cat","embeddable":true,"href":"https:\/\/booma.wikijeff.dev\/fr\/wp-json\/wp\/v2\/product_cat?post=502"},{"taxonomy":"product_tag","embeddable":true,"href":"https:\/\/booma.wikijeff.dev\/fr\/wp-json\/wp\/v2\/product_tag?post=502"}],"curies":[{"name":"wp","href":"https:\/\/api.w.org\/{rel}","templated":true}]}}