{"id":511,"date":"2023-06-14T10:02:01","date_gmt":"2023-06-14T15:02:01","guid":{"rendered":"https:\/\/booma.wikijeff.dev\/product\/booma-40-balles-dinterieur-pickleball-vert\/"},"modified":"2023-09-12T13:25:52","modified_gmt":"2023-09-12T18:25:52","slug":"booma-40-balles-dinterieur-pickleball-vert","status":"publish","type":"product","link":"https:\/\/booma.wikijeff.dev\/fr\/produit\/booma-40-balles-dinterieur-pickleball-vert\/","title":{"rendered":"Balles d&rsquo;ext\u00e9rieur Pickleball Vert (6)"},"content":{"rendered":"<ul>\n<li>Lot de 6 BALLES : Cet ensemble comprend 6 balles de pickleball BOOMA 40 con\u00e7ues pour le jeu \u00e0 l&rsquo;ext\u00e9rieur. L&#8217;emballage peut \u00eatre utilis\u00e9 pour le stockage et le transport en d\u00e9placement.<\/li>\n<li>Balles color\u00e9es : Les balles BOOMA 40 sont propos\u00e9es en diff\u00e9rentes couleurs color\u00e9es. Ils sont faciles \u00e0 voir en jouant sous des lumi\u00e8res vives.<\/li>\n<li>Balles de construction en une pi\u00e8ce\u00a0: Fabriqu\u00e9es \u00e0 partir d&rsquo;un processus de construction en une seule pi\u00e8ce pour une durabilit\u00e9 optimale qui durera plus longtemps et \u00e9vitera des dommages pr\u00e9matur\u00e9s sur les balles.<\/li>\n<li>Construction de pr\u00e9cision : Ces balles de pickleball haute performance ont 40 trous ronds pr\u00e9cis qui augmentent l&rsquo;\u00e9quilibre, am\u00e9liorent la coh\u00e9rence du rebond, la pr\u00e9cision et le contr\u00f4le.<\/li>\n<li>Approuv\u00e9 par l\u2019USAPA\u00a0: ces balles de haute qualit\u00e9 ont la taille et le poids officiels de l&rsquo;USAPA et sont approuv\u00e9es pour les tournois en salle.<\/li>\n<\/ul>\n","protected":false},"excerpt":{"rendered":"<p>Les nouvelles balles Pickleballs int\u00e9rieurs BOOMA 40 sont des balles color\u00e9es et pr\u00eates \u00e0 \u00eatre utiliser d\u00e8s que vous ouvrez la bo\u00eete ! Elles sont faciles \u00e0 voir en jouant sous des lumi\u00e8res vives.<\/p>\n<p>Vous cherchez des balles durables ? Les balles de Pickleball BOOMA 40 sont fabriqu\u00e9s \u00e0 partir d&rsquo;un processus de construction monobloc pour une durabilit\u00e9 optimale.<\/p>\n<p>Obtenez l&rsquo;\u00e9quilibre ultime, la coh\u00e9rence du rebond, la pr\u00e9cision et le contr\u00f4le gr\u00e2ce aux 40 trous ronds pr\u00e9cis.<\/p>\n<p>Ces balles de haute qualit\u00e9 ont la taille et le poids officiels de l&rsquo;USAPA et sont approuv\u00e9es pour les tournois \u00e0 l\u2019int\u00e9rieur.<\/p>\n","protected":false},"featured_media":348,"template":"","meta":{"_acf_changed":false},"product_brand":[],"product_cat":[32],"product_tag":[],"class_list":{"0":"post-511","1":"product","2":"type-product","3":"status-publish","4":"has-post-thumbnail","6":"product_cat-pickleball","8":"first","9":"instock","10":"taxable","11":"shipping-taxable","12":"purchasable","13":"product-type-simple"},"acf":[],"_links":{"self":[{"href":"https:\/\/booma.wikijeff.dev\/fr\/wp-json\/wp\/v2\/product\/511","targetHints":{"allow":["GET"]}}],"collection":[{"href":"https:\/\/booma.wikijeff.dev\/fr\/wp-json\/wp\/v2\/product"}],"about":[{"href":"https:\/\/booma.wikijeff.dev\/fr\/wp-json\/wp\/v2\/types\/product"}],"wp:featuredmedia":[{"embeddable":true,"href":"https:\/\/booma.wikijeff.dev\/fr\/wp-json\/wp\/v2\/media\/348"}],"wp:attachment":[{"href":"https:\/\/booma.wikijeff.dev\/fr\/wp-json\/wp\/v2\/media?parent=511"}],"wp:term":[{"taxonomy":"product_brand","embeddable":true,"href":"https:\/\/booma.wikijeff.dev\/fr\/wp-json\/wp\/v2\/product_brand?post=511"},{"taxonomy":"product_cat","embeddable":true,"href":"https:\/\/booma.wikijeff.dev\/fr\/wp-json\/wp\/v2\/product_cat?post=511"},{"taxonomy":"product_tag","embeddable":true,"href":"https:\/\/booma.wikijeff.dev\/fr\/wp-json\/wp\/v2\/product_tag?post=511"}],"curies":[{"name":"wp","href":"https:\/\/api.w.org\/{rel}","templated":true}]}}