{"id":512,"date":"2023-06-14T10:30:19","date_gmt":"2023-06-14T15:30:19","guid":{"rendered":"https:\/\/booma.wikijeff.dev\/product\/ensemble-valeur-4-joueurs-booma\/"},"modified":"2023-08-23T08:09:57","modified_gmt":"2023-08-23T13:09:57","slug":"ensemble-valeur-4-joueurs-booma","status":"publish","type":"product","link":"https:\/\/booma.wikijeff.dev\/fr\/produit\/ensemble-valeur-4-joueurs-booma\/","title":{"rendered":"Ensemble Valeur 4 Joueurs"},"content":{"rendered":"<ul>\n<li>Ensemble de valeur BOOMA\u00a0: ce lot comprend 4\u00a0raquettes de tennis de table, 8\u00a0balles de ping-pong et un sac de transport qui gardera tout cet ensemble de jeu organis\u00e9 et facile \u00e0 transporter lors de vos d\u00e9placements. <\/li>\n<li>Poign\u00e9e en caoutchouc thermoplastique : La poign\u00e9e ergonomique en caoutchouc thermoplastique prot\u00e8ge vos mains contre les \u00e9clats de bois. La poign\u00e9e \u00e0 texture non glissante vous aidera \u00e0 am\u00e9liorer votre prise en main. Les enfants comme les adultes appr\u00e9cieront cette protection suppl\u00e9mentaire !<\/li>\n<li> Mat\u00e9riaux de qualit\u00e9 : Chaque raquette de tennis de table se compose de 7 couches de bois durable. Le rembourrage en caoutchouc a une \u00e9paisseur de 2 mm et est approuv\u00e9 par l&rsquo;ITTF pour les tournois. Profitez des capacit\u00e9s d&rsquo;effets de cette raquette sur toutes les tables !<\/li>\n<li>Int\u00e9rieur\/ext\u00e9rieur\u00a0: Chaque accessoire de cet ensemble de table de ping-pong est con\u00e7u pour jouer \u00e0 l&rsquo;int\u00e9rieur comme \u00e0 l&rsquo;ext\u00e9rieur. Ces raquettes de ping-pong l\u00e9g\u00e8res sont suffisamment solides pour \u00eatre utilis\u00e9es par les enfants et les adultes.<\/li>\n<li>Balles de ping-pong 3 \u00e9toiles : Cet ensemble de tennis de table BOOMA comprend 8 balles de tennis de table 3 \u00e9toiles blanches et orange de 40 mm de large et fabriqu\u00e9es en mat\u00e9riaux ABS durables. Ces balles de tennis de table sont con\u00e7ues pour les joueurs amateurs, d\u00e9butants et professionnels.<\/li>\n<\/ul>\n","protected":false},"excerpt":{"rendered":"<p>BOOMA est fier de proposer cet ensemble de tennis de table qui ravira les amateurs, les d\u00e9butants et les joueurs professionnels\u00a0! Cet ensemble est con\u00e7u pour une utilisation int\u00e9rieure et ext\u00e9rieure. Le rembourrage en caoutchouc de 2 mm est approuv\u00e9 par l&rsquo;ITTF pour les tournois. La poign\u00e9e ergonomique de finition thermoplastique vous prot\u00e9gera des \u00e9clats. Enfin, les 8 balles de ping-pong 3 \u00e9toiles offriront un rebond et une durabilit\u00e9 constante, gr\u00e2ce aux mat\u00e9riaux ABS utilis\u00e9s. Continuez d\u2019avancer\u00a0!<\/p>\n","protected":false},"featured_media":351,"template":"","meta":{"_acf_changed":false},"product_brand":[],"product_cat":[33],"product_tag":[],"class_list":{"0":"post-512","1":"product","2":"type-product","3":"status-publish","4":"has-post-thumbnail","6":"product_cat-ping-pong","8":"first","9":"instock","10":"taxable","11":"shipping-taxable","12":"purchasable","13":"product-type-simple"},"acf":[],"_links":{"self":[{"href":"https:\/\/booma.wikijeff.dev\/fr\/wp-json\/wp\/v2\/product\/512","targetHints":{"allow":["GET"]}}],"collection":[{"href":"https:\/\/booma.wikijeff.dev\/fr\/wp-json\/wp\/v2\/product"}],"about":[{"href":"https:\/\/booma.wikijeff.dev\/fr\/wp-json\/wp\/v2\/types\/product"}],"wp:featuredmedia":[{"embeddable":true,"href":"https:\/\/booma.wikijeff.dev\/fr\/wp-json\/wp\/v2\/media\/351"}],"wp:attachment":[{"href":"https:\/\/booma.wikijeff.dev\/fr\/wp-json\/wp\/v2\/media?parent=512"}],"wp:term":[{"taxonomy":"product_brand","embeddable":true,"href":"https:\/\/booma.wikijeff.dev\/fr\/wp-json\/wp\/v2\/product_brand?post=512"},{"taxonomy":"product_cat","embeddable":true,"href":"https:\/\/booma.wikijeff.dev\/fr\/wp-json\/wp\/v2\/product_cat?post=512"},{"taxonomy":"product_tag","embeddable":true,"href":"https:\/\/booma.wikijeff.dev\/fr\/wp-json\/wp\/v2\/product_tag?post=512"}],"curies":[{"name":"wp","href":"https:\/\/api.w.org\/{rel}","templated":true}]}}