{"id":514,"date":"2023-06-14T10:48:08","date_gmt":"2023-06-14T15:48:08","guid":{"rendered":"https:\/\/booma.wikijeff.dev\/product\/ensemble-complet-2-joueurs-booma\/"},"modified":"2023-08-23T08:09:50","modified_gmt":"2023-08-23T13:09:50","slug":"ensemble-complet-2-joueurs-booma","status":"publish","type":"product","link":"https:\/\/booma.wikijeff.dev\/fr\/produit\/ensemble-complet-2-joueurs-booma\/","title":{"rendered":"Ensemble Complet 2 Joueurs"},"content":{"rendered":"<ul>\n<li>Ensemble sup\u00e9rieure BOOMA pour 2 joueurs\u00a0: Cet ensemble de haute qualit\u00e9 comprend 2 raquettes de ping-pong, 6 balles de ping-pong 3 \u00e9toiles, un filet de ping-pong r\u00e9tractable avec poteaux ainsi qu&rsquo;un \u00e9tui de transport pour faciliter le rangement de tout le jeu et \u00e0 transporter lors de vos d\u00e9placements. <\/li>\n<li>Mat\u00e9riaux de qualit\u00e9 : Chaque raquette de tennis de table se compose de 5 couches de bois durable. Le rembourrage en caoutchouc a une \u00e9paisseur de 2 mm et est approuv\u00e9 par l&rsquo;ITTF pour les tournois. Profitez des capacit\u00e9s d&rsquo;effets et de la poign\u00e9e ergonomique de ces raquettes.<\/li>\n<li>Int\u00e9rieur\/ext\u00e9rieur\u00a0: Chaque accessoire de cet ensemble de table de ping-pong est con\u00e7u pour jouer \u00e0 l&rsquo;int\u00e9rieur comme \u00e0 l&rsquo;ext\u00e9rieur. Ces raquettes de ping-pong l\u00e9g\u00e8res sont suffisamment solides pour \u00eatre utilis\u00e9es par les enfants et les adultes.<\/li>\n<li>Balles de ping-pong 3 \u00e9toiles : Cet ensemble de tennis de table haut de gamme pour 2 joueurs comprend 6 balles de tennis de table blanches 3 \u00e9toiles de 40 mm de large et fabriqu\u00e9es en mat\u00e9riau ABS durable. Cet ensemble est con\u00e7u pour les amateurs, les d\u00e9butants et les joueurs professionnels.<\/li>\n<li> Filet r\u00e9tractable : Vous pouvez installer le filet de ping-pong r\u00e9tractable sur n&rsquo;importe quelle table jusqu&rsquo;\u00e0 70\u00a0\u00bb (177cm) de large et 2\u00a0\u00bb (5 cm) d&rsquo;\u00e9paisseur en quelques secondes. Tirez le poteau lat\u00e9ral vers les bords, appuyez sur le bouton pour fixer le filet au bout de la table et jouez ! <\/li>\n<\/ul>\n","protected":false},"excerpt":{"rendered":"<p>BOOMA est fier d&rsquo;offrir cet ensemble de table de tennis haut de gamme que les amateurs, les d\u00e9butants et les joueurs professionnels appr\u00e9cieront\u00a0! Ce lot de haute qualit\u00e9 comprend 4 raquettes de ping-pong, 6 balles de ping-pong 3 \u00e9toiles, un filet de ping-pong r\u00e9tractable avec poteaux ainsi qu&rsquo;un \u00e9tui de transport pour qu&rsquo;il soit facile de garder tout le jeu ensemble et de le transporter lors de vos d\u00e9placements. Il est con\u00e7u pour une utilisation int\u00e9rieure et ext\u00e9rieure. Le rembourrage en caoutchouc de 2 mm est approuv\u00e9 par l&rsquo;ITTF pour les tournois. Profitez des capacit\u00e9s d&rsquo;effets et de la poign\u00e9e ergonomique de ces raquettes. Les 8 balles de ping-pong 3 \u00e9toiles offriront un rebond et une durabilit\u00e9 constants, gr\u00e2ce aux mat\u00e9riaux ABS utilis\u00e9s. Le filet de ping-pong r\u00e9tractable inclus peut \u00eatre install\u00e9 en quelques secondes sur n&rsquo;importe quelle table jusqu&rsquo;\u00e0 70\u00a0\u00bb (177cm) de large et 2\u00a0\u00bb (5 cm) d&rsquo;\u00e9paisseur. Continuez d\u2019avancer\u00a0!<\/p>\n","protected":false},"featured_media":425,"template":"","meta":{"_acf_changed":false},"product_brand":[],"product_cat":[33],"product_tag":[],"class_list":{"0":"post-514","1":"product","2":"type-product","3":"status-publish","4":"has-post-thumbnail","6":"product_cat-ping-pong","8":"first","9":"instock","10":"taxable","11":"shipping-taxable","12":"purchasable","13":"product-type-simple"},"acf":[],"_links":{"self":[{"href":"https:\/\/booma.wikijeff.dev\/fr\/wp-json\/wp\/v2\/product\/514","targetHints":{"allow":["GET"]}}],"collection":[{"href":"https:\/\/booma.wikijeff.dev\/fr\/wp-json\/wp\/v2\/product"}],"about":[{"href":"https:\/\/booma.wikijeff.dev\/fr\/wp-json\/wp\/v2\/types\/product"}],"wp:featuredmedia":[{"embeddable":true,"href":"https:\/\/booma.wikijeff.dev\/fr\/wp-json\/wp\/v2\/media\/425"}],"wp:attachment":[{"href":"https:\/\/booma.wikijeff.dev\/fr\/wp-json\/wp\/v2\/media?parent=514"}],"wp:term":[{"taxonomy":"product_brand","embeddable":true,"href":"https:\/\/booma.wikijeff.dev\/fr\/wp-json\/wp\/v2\/product_brand?post=514"},{"taxonomy":"product_cat","embeddable":true,"href":"https:\/\/booma.wikijeff.dev\/fr\/wp-json\/wp\/v2\/product_cat?post=514"},{"taxonomy":"product_tag","embeddable":true,"href":"https:\/\/booma.wikijeff.dev\/fr\/wp-json\/wp\/v2\/product_tag?post=514"}],"curies":[{"name":"wp","href":"https:\/\/api.w.org\/{rel}","templated":true}]}}