{"id":515,"date":"2023-06-14T10:54:53","date_gmt":"2023-06-14T15:54:53","guid":{"rendered":"https:\/\/booma.wikijeff.dev\/product\/raquette-de-ping-pong-booma\/"},"modified":"2023-08-23T08:09:38","modified_gmt":"2023-08-23T13:09:38","slug":"raquette-de-ping-pong-booma","status":"publish","type":"product","link":"https:\/\/booma.wikijeff.dev\/fr\/produit\/raquette-de-ping-pong-booma\/","title":{"rendered":"Raquette de Ping Pong Lightspeed Carbon Series"},"content":{"rendered":"<ul>\n<li>Mat\u00e9riaux haut de gamme\u00a0: Cette raquette de tennis de table en carbone a 7 couches combinant 5 couches de bois de qualit\u00e9 sup\u00e9rieure et 2 couches de fibre de carbone pour un jeu plus rapide et plus offensif.<\/li>\n<li>Puissance et contr\u00f4le : Cette raquette de tennis de table a des couches en carbone l\u00e9ger qui offrent un plus grand sweet spot pour un contr\u00f4le, une puissance et une vitesse am\u00e9lior\u00e9s.<\/li>\n<li>Manche ergonomique : Le tube en carbone ins\u00e9r\u00e9 dans le manche r\u00e9duit les vibrations ce qui contribuera \u00e0 am\u00e9liorer le contr\u00f4le et la pr\u00e9cision de vos coups. Vous vous sentirez plus en confiance en jouant \u00e0 votre jeu pr\u00e9f\u00e9r\u00e9 !<\/li>\n<li>Capacit\u00e9s d&rsquo;effet : Gr\u00e2ce \u00e0 son caoutchouc de 2 mm approuv\u00e9 par l&rsquo;ITTF pour les tournois, cette raquette de table de tennis offre d&rsquo;excellentes capacit\u00e9s d&rsquo;effet qui seront une grande contribution \u00e0 votre jeu.<\/li>\n<li>\u00c9tui de protection\u00a0: L&rsquo;\u00e9tui de protection inclus aidera \u00e0 pr\u00e9server le caoutchouc des deux c\u00f4t\u00e9s de la raquette pour garantir des performances \u00e9lev\u00e9es. C&rsquo;est le cadeau parfait pour un joueur qui souhaite am\u00e9liorer son jeu.<\/li>\n<\/ul>\n","protected":false},"excerpt":{"rendered":"<p>BOOMA est fier de vous proposer cette raquette de tennis de table en carbone haut de gamme qui am\u00e9liorera votre jeu ! Le rembourrage en caoutchouc de 2 mm est approuv\u00e9 par l&rsquo;ITTF pour les tournois. Il y a 5 couches de bois de haute qualit\u00e9 en plus des deux couches de carbone. Ces couches l\u00e9g\u00e8res en carbone offrent un sweet spot plus grand pour un contr\u00f4le, une puissance et une vitesse am\u00e9lior\u00e9s. L&rsquo;\u00e9quilibre parfait entre contr\u00f4le, puissance et capacit\u00e9s d&rsquo;effets sera un atout majeur pour votre jeu. C&rsquo;est une raquette gagnante qui fera transpirer votre adversaire et vous fera crier : BOOMA ! Continuez d\u2019avancer\u00a0!<\/p>\n","protected":false},"featured_media":380,"template":"","meta":{"_acf_changed":false},"product_brand":[],"product_cat":[33],"product_tag":[],"class_list":{"0":"post-515","1":"product","2":"type-product","3":"status-publish","4":"has-post-thumbnail","6":"product_cat-ping-pong","8":"first","9":"instock","10":"taxable","11":"shipping-taxable","12":"purchasable","13":"product-type-simple"},"acf":[],"_links":{"self":[{"href":"https:\/\/booma.wikijeff.dev\/fr\/wp-json\/wp\/v2\/product\/515","targetHints":{"allow":["GET"]}}],"collection":[{"href":"https:\/\/booma.wikijeff.dev\/fr\/wp-json\/wp\/v2\/product"}],"about":[{"href":"https:\/\/booma.wikijeff.dev\/fr\/wp-json\/wp\/v2\/types\/product"}],"wp:featuredmedia":[{"embeddable":true,"href":"https:\/\/booma.wikijeff.dev\/fr\/wp-json\/wp\/v2\/media\/380"}],"wp:attachment":[{"href":"https:\/\/booma.wikijeff.dev\/fr\/wp-json\/wp\/v2\/media?parent=515"}],"wp:term":[{"taxonomy":"product_brand","embeddable":true,"href":"https:\/\/booma.wikijeff.dev\/fr\/wp-json\/wp\/v2\/product_brand?post=515"},{"taxonomy":"product_cat","embeddable":true,"href":"https:\/\/booma.wikijeff.dev\/fr\/wp-json\/wp\/v2\/product_cat?post=515"},{"taxonomy":"product_tag","embeddable":true,"href":"https:\/\/booma.wikijeff.dev\/fr\/wp-json\/wp\/v2\/product_tag?post=515"}],"curies":[{"name":"wp","href":"https:\/\/api.w.org\/{rel}","templated":true}]}}