{"id":516,"date":"2023-06-14T11:00:04","date_gmt":"2023-06-14T16:00:04","guid":{"rendered":"https:\/\/booma.wikijeff.dev\/product\/filet-retractable-de-ping-pong-booma\/"},"modified":"2023-08-23T08:09:36","modified_gmt":"2023-08-23T13:09:36","slug":"filet-retractable-de-ping-pong-booma","status":"publish","type":"product","link":"https:\/\/booma.wikijeff.dev\/fr\/produit\/filet-retractable-de-ping-pong-booma\/","title":{"rendered":"Filet R\u00e9tractable de Ping Pong"},"content":{"rendered":"<ul>\n<li>Versatile : Vous pouvez utiliser ce filet de ping-pong r\u00e9tractable sur n&rsquo;importe quelle table jusqu&rsquo;\u00e0 70\u00a0\u00bb (177cm) de large et 2\u00a0\u00bb (5 cm) d&rsquo;\u00e9paisseur.  <\/li>\n<li>Installation facile : En quelques secondes, vous pouvez installer ce filet de Ping Pong r\u00e9tractable. Tirez le poteau lat\u00e9ral vers les bords, appuyez sur le bouton pour fixer le filet au bout de la table et vous \u00eates pr\u00eat \u00e0 jouer !<\/li>\n<li> Jouez en d\u00e9placement\u00a0: Avec l&rsquo;\u00e9tui de transport inclus, vous pouvez facilement transporter votre filet de ping-pong r\u00e9tractable partout o\u00f9 vous allez. Vous pouvez jouer au travail avec des coll\u00e8gues, \u00e0 l&rsquo;\u00e9cole, au chalet et \u00e0 la maison. Excellente id\u00e9e cadeau !<\/li>\n<li>Utilisation int\u00e9rieure et ext\u00e9rieure : Ce filet de table de tennis r\u00e9tractable de haute qualit\u00e9 peut \u00eatre utilis\u00e9 \u00e0 la fois \u00e0 l&rsquo;int\u00e9rieur et \u00e0 l&rsquo;ext\u00e9rieur.<\/li>\n<li>Flexible : Limit\u00e9 par l&rsquo;espace pour une table de ping pong, ce filet peut \u00eatre install\u00e9 sur la table de la cuisine ou de la salle \u00e0 manger.<\/li>\n<\/ul>\n","protected":false},"excerpt":{"rendered":"<p>Le filet de ping-pong r\u00e9tractable BOOMA peut \u00eatre utilis\u00e9 sur n&rsquo;importe quelle table jusqu&rsquo;\u00e0 70\u00a0\u00bb (177cm) de large et 2\u00a0\u00bb (5 cm) d&rsquo;\u00e9paisseur. En quelques secondes, vous pourrez installer ce filet de Ping Pong r\u00e9tractable. Tirez le poteau lat\u00e9ral vers les bords, appuyez sur le bouton pour fixer le filet au bout de la table et vous \u00eates pr\u00eat \u00e0 jouer ! Avec l&rsquo;\u00e9tui de transport inclus, vous pouvez facilement transporter votre filet de ping-pong r\u00e9tractable partout o\u00f9 vous allez. Vous pouvez jouer au travail avec des coll\u00e8gues, \u00e0 l&rsquo;\u00e9cole, au chalet et \u00e0 la maison. Votre imagination est votre limite ! Ce filet de table de tennis r\u00e9tractable de haute qualit\u00e9 peut \u00eatre utilis\u00e9 \u00e0 l&rsquo;int\u00e9rieur comme \u00e0 l&rsquo;ext\u00e9rieur. Enfin, c&rsquo;est le cadeau parfait pour quelqu&rsquo;un qui veut jouer au ping-pong n&rsquo;importe o\u00f9.<\/p>\n","protected":false},"featured_media":393,"template":"","meta":{"_acf_changed":false},"product_brand":[],"product_cat":[33],"product_tag":[],"class_list":{"0":"post-516","1":"product","2":"type-product","3":"status-publish","4":"has-post-thumbnail","6":"product_cat-ping-pong","8":"first","9":"instock","10":"taxable","11":"shipping-taxable","12":"purchasable","13":"product-type-simple"},"acf":[],"_links":{"self":[{"href":"https:\/\/booma.wikijeff.dev\/fr\/wp-json\/wp\/v2\/product\/516","targetHints":{"allow":["GET"]}}],"collection":[{"href":"https:\/\/booma.wikijeff.dev\/fr\/wp-json\/wp\/v2\/product"}],"about":[{"href":"https:\/\/booma.wikijeff.dev\/fr\/wp-json\/wp\/v2\/types\/product"}],"wp:featuredmedia":[{"embeddable":true,"href":"https:\/\/booma.wikijeff.dev\/fr\/wp-json\/wp\/v2\/media\/393"}],"wp:attachment":[{"href":"https:\/\/booma.wikijeff.dev\/fr\/wp-json\/wp\/v2\/media?parent=516"}],"wp:term":[{"taxonomy":"product_brand","embeddable":true,"href":"https:\/\/booma.wikijeff.dev\/fr\/wp-json\/wp\/v2\/product_brand?post=516"},{"taxonomy":"product_cat","embeddable":true,"href":"https:\/\/booma.wikijeff.dev\/fr\/wp-json\/wp\/v2\/product_cat?post=516"},{"taxonomy":"product_tag","embeddable":true,"href":"https:\/\/booma.wikijeff.dev\/fr\/wp-json\/wp\/v2\/product_tag?post=516"}],"curies":[{"name":"wp","href":"https:\/\/api.w.org\/{rel}","templated":true}]}}