{"id":522,"date":"2023-06-14T11:19:32","date_gmt":"2023-06-14T16:19:32","guid":{"rendered":"https:\/\/booma.wikijeff.dev\/product\/24-balles-de-ping-pong-blanches-booma\/"},"modified":"2023-09-28T11:43:56","modified_gmt":"2023-09-28T16:43:56","slug":"24-balles-de-ping-pong-blanches-booma","status":"publish","type":"product","link":"https:\/\/booma.wikijeff.dev\/fr\/produit\/24-balles-de-ping-pong-blanches-booma\/","title":{"rendered":"24 Balles de Ping Pong Blanches"},"content":{"rendered":"<ul>\n<li>Balles de ping-pong de haute qualit\u00e9\u00a0: Les balles de tennis de table BOOMA offrent un rebond constant et des capacit\u00e9s d&rsquo;effet et de contr\u00f4le optimales. Ces balles 3 \u00e9toiles de 40 mm et plus sont fabriqu\u00e9es \u00e0 partir d&rsquo;un mat\u00e9riel ABS durable. <\/li>\n<li>Taille et poids : Les balles de ping-pong BOOMA 3 \u00e9toiles r\u00e9pondent aux normes officielles de taille et de poids concernant les tournois de tennis de table. Ces balles de tennis de table p\u00e8sent 2,7 g et mesurent 40 mm de large.<\/li>\n<li>Tables de ping-pong et robots\u00a0: Ces balles de tennis de table sont con\u00e7ues pour frapper sur diff\u00e9rents types de tables de tennis. Vous pouvez travailler votre jeu en utilisant les balles de ping-pong BOOMA 3 \u00e9toiles avec des \u00e9quipements d&rsquo;entra\u00eenement tels que des robots. <\/li>\n<li>Jeux d&rsquo;int\u00e9rieur et d&rsquo;ext\u00e9rieur\u00a0: Ces balles de tennis de table ABS sans couture de haute qualit\u00e9 sont tr\u00e8s durables. Ils peuvent \u00eatre utilis\u00e9s pour des jeux d&rsquo;int\u00e9rieur ou d&rsquo;ext\u00e9rieur. Les enfants et les adultes appr\u00e9cieront ces balles pour les jeux r\u00e9cr\u00e9atifs et de comp\u00e9tition.<\/li>\n<li>Diff\u00e9rents ensembles\u00a0: Les balles de tennis de table BOOMA sont propos\u00e9es en ensemble de 12, 18 et 24. Bien que ces balles puissent \u00eatre utilis\u00e9es pour diff\u00e9rents jeux, elles sont con\u00e7ues pour \u00eatre jou\u00e9es avec des raquettes de ping-pong. <\/li>\n<\/ul>\n","protected":false},"excerpt":{"rendered":"<p>Ces balles de ping-pong de haute qualit\u00e9 offrent un rebond constant et des capacit\u00e9s d\u2019effets et de contr\u00f4le optimales. Ils sont fabriqu\u00e9s \u00e0 partir de mat\u00e9riaux ABS durables. Les balles de ping-pong BOOMA 3 \u00e9toiles r\u00e9pondent aux normes officielles de taille et de poids pour les tournois de tennis de table. Ils p\u00e8sent 2,7 g chacun et mesurent 40 mm de large.<\/p>\n<p>Ces balles de tennis de table sont con\u00e7ues pour frapper sur diff\u00e9rents types de tables de tennis. Continuez \u00e0 travailler votre jeu en utilisant les balles de ping-pong BOOMA 3 \u00e9toiles avec des \u00e9quipements d&rsquo;entra\u00eenement tels que des robots.<\/p>\n<p>Les enfants et les adultes appr\u00e9cieront ces balles pour les jeux r\u00e9cr\u00e9atifs et de comp\u00e9tition se d\u00e9roulant \u00e0 l&rsquo;ext\u00e9rieur ou \u00e0 l&rsquo;int\u00e9rieur.<\/p>\n","protected":false},"featured_media":451,"template":"","meta":{"_acf_changed":false},"product_brand":[],"product_cat":[33],"product_tag":[],"class_list":{"0":"post-522","1":"product","2":"type-product","3":"status-publish","4":"has-post-thumbnail","6":"product_cat-ping-pong","8":"first","9":"instock","10":"taxable","11":"shipping-taxable","12":"purchasable","13":"product-type-simple"},"acf":[],"_links":{"self":[{"href":"https:\/\/booma.wikijeff.dev\/fr\/wp-json\/wp\/v2\/product\/522","targetHints":{"allow":["GET"]}}],"collection":[{"href":"https:\/\/booma.wikijeff.dev\/fr\/wp-json\/wp\/v2\/product"}],"about":[{"href":"https:\/\/booma.wikijeff.dev\/fr\/wp-json\/wp\/v2\/types\/product"}],"wp:featuredmedia":[{"embeddable":true,"href":"https:\/\/booma.wikijeff.dev\/fr\/wp-json\/wp\/v2\/media\/451"}],"wp:attachment":[{"href":"https:\/\/booma.wikijeff.dev\/fr\/wp-json\/wp\/v2\/media?parent=522"}],"wp:term":[{"taxonomy":"product_brand","embeddable":true,"href":"https:\/\/booma.wikijeff.dev\/fr\/wp-json\/wp\/v2\/product_brand?post=522"},{"taxonomy":"product_cat","embeddable":true,"href":"https:\/\/booma.wikijeff.dev\/fr\/wp-json\/wp\/v2\/product_cat?post=522"},{"taxonomy":"product_tag","embeddable":true,"href":"https:\/\/booma.wikijeff.dev\/fr\/wp-json\/wp\/v2\/product_tag?post=522"}],"curies":[{"name":"wp","href":"https:\/\/api.w.org\/{rel}","templated":true}]}}